{"id":1022,"date":"2015-12-14T07:14:55","date_gmt":"2015-12-14T07:14:55","guid":{"rendered":"http:\/\/consulting.stylemixthemes.com\/demo\/?page_id=2"},"modified":"2017-04-17T15:55:43","modified_gmt":"2017-04-17T13:55:43","slug":"sample-page","status":"publish","type":"page","link":"https:\/\/le16consulting.com\/","title":{"rendered":"Accueil"},"content":{"rendered":"<p>[vc_row css=\u00a0\u00bb.vc_custom_1450677977665{margin-bottom: 0px !important;}\u00a0\u00bb][vc_column offset=\u00a0\u00bbvc_hidden-xs\u00a0\u00bb][rev_slider_vc alias=\u00a0\u00bbfullscreen-main-slider\u00a0\u00bb][\/vc_column][\/vc_row][vc_row full_width=\u00a0\u00bbstretch_row\u00a0\u00bb el_class=\u00a0\u00bbthird_bg_color\u00a0\u00bb css=\u00a0\u00bb.vc_custom_1450692516354{margin-bottom: 60px !important;}\u00a0\u00bb][vc_column][vc_cta h2=\u00a0\u00bbVous avez besoin de plus d&rsquo;informations sur nous ?\u00a0\u00bb h2_font_container=\u00a0\u00bbfont_size:20px|color:%23000000|line_height:24px\u00a0\u00bb h2_use_theme_fonts=\u00a0\u00bbyes\u00a0\u00bb shape=\u00a0\u00bbsquare\u00a0\u00bb style=\u00a0\u00bbflat\u00a0\u00bb add_button=\u00a0\u00bbright\u00a0\u00bb btn_title=\u00a0\u00bbContactez-Nous\u00a0\u00bb btn_style=\u00a0\u00bbflat\u00a0\u00bb btn_color=\u00a0\u00bbtheme_style_2&Prime; btn_align=\u00a0\u00bbright\u00a0\u00bb btn_i_align=\u00a0\u00bbright\u00a0\u00bb btn_i_icon_fontawesome=\u00a0\u00bbfa fa-chevron-right\u00a0\u00bb use_custom_fonts_h2=\u00a0\u00bbtrue\u00a0\u00bb btn_button_block=\u00a0\u00bbtrue\u00a0\u00bb btn_add_icon=\u00a0\u00bbtrue\u00a0\u00bb el_class=\u00a0\u00bbthird_bg_color\u00a0\u00bb css=\u00a0\u00bb.vc_custom_1492426818493{margin-bottom: 0px !important;}\u00a0\u00bb btn_link=\u00a0\u00bburl:http%3A%2F%2Faarifconjq.cluster020.hosting.ovh.net%2Findex.php%2Fcontact-us%2F|||\u00a0\u00bb][\/vc_cta][\/vc_column][\/vc_row][vc_row css=\u00a0\u00bb.vc_custom_1450856873482{margin-bottom: 37px !important;}\u00a0\u00bb][vc_column width=\u00a0\u00bb1\/3&Prime;][stm_animation_block animation=\u00a0\u00bbfadeInUp\u00a0\u00bb animation_duration=\u00a0\u00bb1&Prime; animation_delay=\u00a0\u00bb0&Prime;][stm_info_box style=\u00a0\u00bbstyle_3&Prime; title_icon=\u00a0\u00bbstm-chart-monitor\u00a0\u00bb icon=\u00a0\u00bbfa fa-chevron-right\u00a0\u00bb title=\u00a0\u00bbS\u00e9minaire I\u00a0\u00bb image=\u00a0\u00bb1095&Prime; link=\u00a0\u00bburl:http%3A%2F%2Faarifconjq.cluster020.hosting.ovh.net%2Findex.php%2Fseminaire-i%2F|title:D%C3%A9tails||\u00a0\u00bb]Compr\u00e9hension de la culture marocaine et de sa structure \u00e9conomique, sociale et politique en vue d\u2019un investissement r\u00e9ussi.[\/stm_info_box][\/stm_animation_block][\/vc_column][vc_column width=\u00a0\u00bb1\/3&Prime;][stm_animation_block animation=\u00a0\u00bbfadeInUp\u00a0\u00bb animation_duration=\u00a0\u00bb1&Prime; animation_delay=\u00a0\u00bb0.05&Prime;][stm_info_box style=\u00a0\u00bbstyle_3&Prime; title_icon=\u00a0\u00bbstm-chart-refresh\u00a0\u00bb icon=\u00a0\u00bbfa fa-chevron-right\u00a0\u00bb title=\u00a0\u00bbS\u00e9minaire II\u00a0\u00bb image=\u00a0\u00bb1093&Prime; link=\u00a0\u00bburl:http%3A%2F%2Faarifconjq.cluster020.hosting.ovh.net%2Findex.php%2Fseminaire-ii%2F|title:D%C3%A9tails||\u00a0\u00bb]Depuis l&rsquo;ind\u00e9pendance, le Maroc essaie de s&rsquo;int\u00e9grer dans le monde actuel. Le\u00a0d\u00e9veloppement de &#8230;[\/stm_info_box][\/stm_animation_block][\/vc_column][vc_column width=\u00a0\u00bb1\/3&Prime;][stm_animation_block animation=\u00a0\u00bbfadeInUp\u00a0\u00bb animation_duration=\u00a0\u00bb1&Prime; animation_delay=\u00a0\u00bb0.1&Prime;][stm_info_box style=\u00a0\u00bbstyle_3&Prime; title_icon=\u00a0\u00bbstm-earth\u00a0\u00bb icon=\u00a0\u00bbfa fa-chevron-right\u00a0\u00bb title=\u00a0\u00bbS\u00e9minaire III\u00a0\u00bb image=\u00a0\u00bb1094&Prime; link=\u00a0\u00bburl:http%3A%2F%2Faarifconjq.cluster020.hosting.ovh.net%2Findex.php%2Fseminaire-iii%2F|title:D%C3%A9tails||\u00a0\u00bb]Le Maroc se pr\u00e9pare pour la coop\u00e9ration euro-m\u00e9diterran\u00e9enne de 2012. Les petites et moyennes entreprises\u00a0&#8230;[\/stm_info_box][\/stm_animation_block][\/vc_column][\/vc_row][vc_row full_width=\u00a0\u00bbstretch_row_content_no_spaces\u00a0\u00bb css=\u00a0\u00bb.vc_custom_1453109987955{margin-bottom: -60px !important;padding-top: 0px !important;padding-bottom: 0px !important;}\u00a0\u00bb][vc_column][stm_gmap map_height=\u00a0\u00bb447px\u00a0\u00bb map_zoom=\u00a0\u00bb10&Prime; disable_mouse_whell=\u00a0\u00bbdisable\u00a0\u00bb][stm_gmap_address title=\u00a0\u00bbLe 16 Consulting\u00a0\u00bb address=\u00a0\u00bb41,R\u00e9sidence Amina Rue Todgha, Youssef Ibn TACHFINE Quartier Victor Hugo , Gu\u00e9liz .Marrakech 40000, Maroc\u00a0\u00bb phone=\u00a0\u00bb+212 661 666 158&Prime; email=\u00a0\u00bbinfo@le16consulting.com\u00a0\u00bb lat=\u00a0\u00bb31.63896&Prime; lng=\u00a0\u00bb-8.022955&Prime;][stm_gmap_address title=\u00a0\u00bbLe 16 Immo\u00a0\u00bb address=\u00a0\u00bb41,R\u00e9sidence Amina Rue Todgha, Youssef Ibn TACHFINE Quartier Victor Hugo , Gu\u00e9liz .Marrakech 40000, Maroc\u00a0\u00bb phone=\u00a0\u00bb+212 661 666 158&Prime; email=\u00a0\u00bbHicham@le16immo.com\u00a0\u00bb lat=\u00a0\u00bb31.63896&Prime; lng=\u00a0\u00bb-8.022955&Prime;][\/stm_gmap][\/vc_column][\/vc_row]<\/p>\n","protected":false},"excerpt":{"rendered":"<p>[vc_row css=\u00a0\u00bb.vc_custom_1450677977665{margin-bottom: 0px !important;}\u00a0\u00bb][vc_column offset=\u00a0\u00bbvc_hidden-xs\u00a0\u00bb][rev_slider_vc alias=\u00a0\u00bbfullscreen-main-slider\u00a0\u00bb][\/vc_column][\/vc_row][vc_row full_width=\u00a0\u00bbstretch_row\u00a0\u00bb el_class=\u00a0\u00bbthird_bg_color\u00a0\u00bb css=\u00a0\u00bb.vc_custom_1450692516354{margin-bottom: 60px !important;}\u00a0\u00bb][vc_column][vc_cta h2=\u00a0\u00bbVous avez besoin de plus d&rsquo;informations sur nous ?\u00a0\u00bb h2_font_container=\u00a0\u00bbfont_size:20px|color:%23000000|line_height:24px\u00a0\u00bb h2_use_theme_fonts=\u00a0\u00bbyes\u00a0\u00bb shape=\u00a0\u00bbsquare\u00a0\u00bb style=\u00a0\u00bbflat\u00a0\u00bb add_button=\u00a0\u00bbright\u00a0\u00bb btn_title=\u00a0\u00bbContactez-Nous\u00a0\u00bb btn_style=\u00a0\u00bbflat\u00a0\u00bb btn_color=\u00a0\u00bbtheme_style_2&Prime; btn_align=\u00a0\u00bbright\u00a0\u00bb btn_i_align=\u00a0\u00bbright\u00a0\u00bb btn_i_icon_fontawesome=\u00a0\u00bbfa fa-chevron-right\u00a0\u00bb use_custom_fonts_h2=\u00a0\u00bbtrue\u00a0\u00bb btn_button_block=\u00a0\u00bbtrue\u00a0\u00bb btn_add_icon=\u00a0\u00bbtrue\u00a0\u00bb el_class=\u00a0\u00bbthird_bg_color\u00a0\u00bb css=\u00a0\u00bb.vc_custom_1492426818493{margin-bottom: 0px !important;}\u00a0\u00bb btn_link=\u00a0\u00bburl:http%3A%2F%2Faarifconjq.cluster020.hosting.ovh.net%2Findex.php%2Fcontact-us%2F|||\u00a0\u00bb][\/vc_cta][\/vc_column][\/vc_row][vc_row css=\u00a0\u00bb.vc_custom_1450856873482{margin-bottom: 37px !important;}\u00a0\u00bb][vc_column width=\u00a0\u00bb1\/3&Prime;][stm_animation_block animation=\u00a0\u00bbfadeInUp\u00a0\u00bb animation_duration=\u00a0\u00bb1&Prime; animation_delay=\u00a0\u00bb0&Prime;][stm_info_box style=\u00a0\u00bbstyle_3&Prime; title_icon=\u00a0\u00bbstm-chart-monitor\u00a0\u00bb icon=\u00a0\u00bbfa fa-chevron-right\u00a0\u00bb title=\u00a0\u00bbS\u00e9minaire I\u00a0\u00bb image=\u00a0\u00bb1095&Prime; link=\u00a0\u00bburl:http%3A%2F%2Faarifconjq.cluster020.hosting.ovh.net%2Findex.php%2Fseminaire-i%2F|title:D%C3%A9tails||\u00a0\u00bb]Compr\u00e9hension<\/p>\n","protected":false},"author":1,"featured_media":0,"parent":0,"menu_order":0,"comment_status":"closed","ping_status":"closed","template":"","meta":[],"_links":{"self":[{"href":"https:\/\/le16consulting.com\/index.php\/wp-json\/wp\/v2\/pages\/1022"}],"collection":[{"href":"https:\/\/le16consulting.com\/index.php\/wp-json\/wp\/v2\/pages"}],"about":[{"href":"https:\/\/le16consulting.com\/index.php\/wp-json\/wp\/v2\/types\/page"}],"author":[{"embeddable":true,"href":"https:\/\/le16consulting.com\/index.php\/wp-json\/wp\/v2\/users\/1"}],"replies":[{"embeddable":true,"href":"https:\/\/le16consulting.com\/index.php\/wp-json\/wp\/v2\/comments?post=1022"}],"version-history":[{"count":13,"href":"https:\/\/le16consulting.com\/index.php\/wp-json\/wp\/v2\/pages\/1022\/revisions"}],"predecessor-version":[{"id":1145,"href":"https:\/\/le16consulting.com\/index.php\/wp-json\/wp\/v2\/pages\/1022\/revisions\/1145"}],"wp:attachment":[{"href":"https:\/\/le16consulting.com\/index.php\/wp-json\/wp\/v2\/media?parent=1022"}],"curies":[{"name":"wp","href":"https:\/\/api.w.org\/{rel}","templated":true}]}}