{"id":1163,"date":"2017-04-14T16:02:52","date_gmt":"2017-04-14T14:02:52","guid":{"rendered":"http:\/\/aarifconjq.cluster020.hosting.ovh.net\/index.php\/seminaire-ii\/"},"modified":"2017-05-20T20:32:38","modified_gmt":"2017-05-20T18:32:38","slug":"seminaire-ii","status":"publish","type":"page","link":"https:\/\/le16consulting.com\/index.php\/seminaire-ii\/","title":{"rendered":"S\u00e9minaire II"},"content":{"rendered":"<p>[vc_row css=\u00a0\u00bb.vc_custom_1451991003825{margin-bottom: 100px !important;}\u00a0\u00bb][vc_column width=\u00a0\u00bb3\/4&Prime;][vc_column_text css=\u00a0\u00bb.vc_custom_1492435920086{margin-bottom: 52px !important;}\u00a0\u00bb]Depuis l&rsquo;ind\u00e9pendance, le Maroc essaie de s&rsquo;int\u00e9grer dans le monde actuel. Le d\u00e9veloppement de l&rsquo;\u00e9ducation, de la sant\u00e9 et des infrastructures \u00e9conomiques, politiques et sociales contribuent \u00e0 cette transformation vers un monde moderne et concurrentielle.[\/vc_column_text][vc_tta_accordion shape=\u00a0\u00bbsquare\u00a0\u00bb c_position=\u00a0\u00bbright\u00a0\u00bb active_section=\u00a0\u00bb1&Prime; css=\u00a0\u00bb.vc_custom_1453467174989{margin-bottom: 60px !important;}\u00a0\u00bb][vc_tta_section title=\u00a0\u00bbJourn\u00e9e 1 :\u00a0\u00bb tab_id=\u00a0\u00bb1452160548343-003e17f2-760ddba1-e2ab98c8-1548&Prime;][vc_column_text]<\/p>\n<ul>\n<li style=\"list-style-type: none;\">\n<ul>\u00a0\u00a0\u00a0\u00a0\u00a0\u00a0\u00a0\u2022\u00a0Une orientation du Maroc vers une lib\u00e9ralisation professionnelle<\/ul>\n<\/li>\n<\/ul>\n<p>&nbsp;<\/p>\n<ul>\n<li style=\"list-style-type: none;\">\n<ul>\n<li style=\"list-style-type: none;\">\n<ul>\u00a0\u00a0\u00a0\u00a0\u00a0\u00a0\u00a0\u2022 Une administration de plus en plus dynamique<\/ul>\n<\/li>\n<\/ul>\n<\/li>\n<\/ul>\n<p>&nbsp;<\/p>\n<ul>\n<li style=\"list-style-type: none;\">\n<ul>\n<li style=\"list-style-type: none;\">\n<ul>\u00a0\u00a0\u00a0\u00a0\u00a0\u00a0\u00a0\u2022 Un bon Rating, une concurrence qui a fait ses preuves<\/ul>\n<\/li>\n<\/ul>\n<\/li>\n<\/ul>\n<p>&nbsp;<\/p>\n<ul>\n<li style=\"list-style-type: none;\">\n<ul>\n<li style=\"list-style-type: none;\">\n<ul>\u00a0\u00a0\u00a0\u00a0\u00a0\u00a0\u00a0\u2022 L&rsquo;investissement au Maroc<\/ul>\n<\/li>\n<\/ul>\n<\/li>\n<\/ul>\n<p>&nbsp;<\/p>\n<ul>\n<li style=\"list-style-type: none;\">\n<ul>\n<li style=\"list-style-type: none;\">\n<ul>\u00a0\u00a0\u00a0\u00a0\u00a0\u00a0\u00a0\u2022 L&rsquo;acc\u00e8s au march\u00e9<\/ul>\n<\/li>\n<\/ul>\n<\/li>\n<\/ul>\n<p>[\/vc_column_text][\/vc_tta_section][vc_tta_section title=\u00a0\u00bbJourn\u00e9e 2:\u00a0\u00bb tab_id=\u00a0\u00bb1452160738660-5468e659-6776dba1-e2ab98c8-1548&Prime;][vc_column_text]<\/p>\n<ul>\n<li style=\"list-style-type: none;\">\n<ul>\n<li style=\"list-style-type: none;\">\n<ul>\u00a0\u00a0\u00a0\u00a0\u00a0\u00a0\u00a0\u2022\u00a0Ressource humaine qualifi\u00e9e<\/ul>\n<\/li>\n<\/ul>\n<\/li>\n<\/ul>\n<p>&nbsp;<\/p>\n<ul>\n<li style=\"list-style-type: none;\">\n<ul>\n<li style=\"list-style-type: none;\">\n<ul>\u00a0\u00a0\u00a0\u00a0\u00a0\u00a0\u00a0\u2022 Infrastructures \u00e9conomique, sociale et politique<\/ul>\n<\/li>\n<\/ul>\n<\/li>\n<\/ul>\n<p>&nbsp;<\/p>\n<ul>\n<li style=\"list-style-type: none;\">\n<ul>\n<li style=\"list-style-type: none;\">\n<ul>\u00a0\u00a0\u00a0\u00a0\u00a0\u00a0\u00a0\u2022 Expansion de l&rsquo;investissement \u00e9tranger et europ\u00e9en<\/ul>\n<\/li>\n<\/ul>\n<\/li>\n<\/ul>\n<p>&nbsp;<\/p>\n<ul>\n<li style=\"list-style-type: none;\">\n<ul>\n<li style=\"list-style-type: none;\">\n<ul>\u00a0\u00a0\u00a0\u00a0\u00a0\u00a0\u00a0\u2022 Cr\u00e9ation d&rsquo;entreprises<\/ul>\n<\/li>\n<\/ul>\n<\/li>\n<\/ul>\n<p>&nbsp;<\/p>\n<ul>\n<li style=\"list-style-type: none;\">\n<ul>\n<li style=\"list-style-type: none;\">\n<ul>\u00a0\u00a0\u00a0\u00a0\u00a0\u00a0\u00a0\u2022 Conseils dans vos domaines sp\u00e9cifiques<\/ul>\n<\/li>\n<\/ul>\n<\/li>\n<\/ul>\n<p>[\/vc_column_text][\/vc_tta_section][vc_tta_section title=\u00a0\u00bbLe but \u00a0\u00bb tab_id=\u00a0\u00bb1452160747001-6a933eea-21dedba1-e2ab98c8-1548&Prime;][vc_column_text]<\/p>\n<ul>\n<li style=\"list-style-type: none;\">\n<ul>\n<li style=\"list-style-type: none;\">\n<ul>\u00a0\u00a0\u00a0\u00a0\u00a0\u00a0\u00a0\u2022\u00a0Des informations compl\u00e8tes sur le Maroc<\/ul>\n<\/li>\n<\/ul>\n<\/li>\n<\/ul>\n<p>&nbsp;<\/p>\n<ul>\n<li style=\"list-style-type: none;\">\n<ul>\n<li style=\"list-style-type: none;\">\n<ul>\u00a0\u00a0\u00a0\u00a0\u00a0\u00a0\u00a0\u2022 Les meilleures solutions aux probl\u00e8mes rencontr\u00e9s<\/ul>\n<\/li>\n<\/ul>\n<\/li>\n<\/ul>\n<p>&nbsp;<\/p>\n<ul>\n<li style=\"list-style-type: none;\">\n<ul>\n<li style=\"list-style-type: none;\">\n<ul>\u00a0\u00a0\u00a0\u00a0\u00a0\u00a0\u00a0\u2022 La transmission d&rsquo;un savoir faire<\/ul>\n<\/li>\n<\/ul>\n<\/li>\n<\/ul>\n<p>&nbsp;<\/p>\n<ul>\n<li style=\"list-style-type: none;\">\n<ul>\n<li style=\"list-style-type: none;\">\n<ul>\u00a0\u00a0\u00a0\u00a0\u00a0\u00a0\u00a0\u2022 Un forum de discussion avec les autres membres du s\u00e9minaire<\/ul>\n<\/li>\n<\/ul>\n<\/li>\n<\/ul>\n<p>&nbsp;<\/p>\n<ul>\n<li style=\"list-style-type: none;\">\n<ul>\n<li style=\"list-style-type: none;\">\n<ul>\u00a0\u00a0\u00a0\u00a0\u00a0\u00a0\u00a0\u2022 Les moyens pr\u00e9ventifs pour \u00e9viter les risques r\u00e9els (sur le terrain)<\/ul>\n<\/li>\n<\/ul>\n<\/li>\n<\/ul>\n<p>[\/vc_column_text][\/vc_tta_section][vc_tta_section title=\u00a0\u00bbLa m\u00e9thode :\u00a0\u00bb tab_id=\u00a0\u00bb1492436066693-43fa54ab-2691&Prime;][vc_column_text]\u00a0\u00a0\u00a0\u00a0\u00a0\u00a0\u2022\u00a0S\u00e9minaire, Consulting, Pratique, Formation, Workshop[\/vc_column_text][\/vc_tta_section][\/vc_tta_accordion][vc_row_inner css=\u00a0\u00bb.vc_custom_1453463400247{margin-bottom: 30px !important;}\u00a0\u00bb][vc_column_inner][vc_custom_heading text=\u00a0\u00bbPrix \u00e0 :\u00a0\u00bb font_container=\u00a0\u00bbtag:div|font_size:20px|text_align:left|color:%23222222|line_height:28px\u00a0\u00bb google_fonts=\u00a0\u00bbfont_family:Poppins%3A300%2Cregular%2C500%2C600%2C700|font_style:700%20bold%3A700%3Anormal\u00a0\u00bb css=\u00a0\u00bb.vc_custom_1492032541591{margin-bottom: 15px !important;}\u00a0\u00bb][vc_column_text]<\/p>\n<p style=\"text-align: right;\"><strong>689,00 \u20ac<\/strong><\/p>\n<p>[\/vc_column_text][\/vc_column_inner][\/vc_row_inner][\/vc_column][vc_column width=\u00a0\u00bb1\/4&Prime;][stm_sidebar sidebar=\u00a0\u00bb573&Prime;][\/vc_column][\/vc_row][vc_row full_width=\u00a0\u00bbstretch_row\u00a0\u00bb el_class=\u00a0\u00bbthird_bg_color\u00a0\u00bb css=\u00a0\u00bb.vc_custom_1451889219674{margin-bottom: -60px !important;}\u00a0\u00bb][vc_column][vc_cta h2=\u00a0\u00bbVous avez encore des questions \u00e0 nous poser ?\u00a0\u00bb h2_font_container=\u00a0\u00bbfont_size:20px|color:%23000000|line_height:24px\u00a0\u00bb h2_use_theme_fonts=\u00a0\u00bbyes\u00a0\u00bb shape=\u00a0\u00bbsquare\u00a0\u00bb style=\u00a0\u00bbflat\u00a0\u00bb add_button=\u00a0\u00bbright\u00a0\u00bb btn_title=\u00a0\u00bbContactez-Nous !\u00a0\u00bb btn_style=\u00a0\u00bbflat\u00a0\u00bb btn_color=\u00a0\u00bbtheme_style_2&Prime; btn_align=\u00a0\u00bbright\u00a0\u00bb btn_i_align=\u00a0\u00bbright\u00a0\u00bb btn_i_icon_fontawesome=\u00a0\u00bbfa fa-chevron-right\u00a0\u00bb use_custom_fonts_h2=\u00a0\u00bbtrue\u00a0\u00bb btn_button_block=\u00a0\u00bbtrue\u00a0\u00bb btn_add_icon=\u00a0\u00bbtrue\u00a0\u00bb el_class=\u00a0\u00bbthird_bg_color\u00a0\u00bb css=\u00a0\u00bb.vc_custom_1492435873598{margin-bottom: 0px !important;}\u00a0\u00bb btn_link=\u00a0\u00bburl:http%3A%2F%2Faarifconjq.cluster020.hosting.ovh.net%2Findex.php%2Fcontact%2F|||\u00a0\u00bb][\/vc_cta][\/vc_column][\/vc_row]<\/p>\n","protected":false},"excerpt":{"rendered":"<p>[vc_row css=\u00a0\u00bb.vc_custom_1451991003825{margin-bottom: 100px !important;}\u00a0\u00bb][vc_column width=\u00a0\u00bb3\/4&Prime;][vc_column_text css=\u00a0\u00bb.vc_custom_1492435920086{margin-bottom: 52px !important;}\u00a0\u00bb]Depuis l&rsquo;ind\u00e9pendance, le Maroc essaie de s&rsquo;int\u00e9grer dans le monde actuel. Le d\u00e9veloppement de l&rsquo;\u00e9ducation, de la sant\u00e9 et des infrastructures \u00e9conomiques, politiques et sociales contribuent \u00e0 cette transformation vers un monde moderne et concurrentielle.[\/vc_column_text][vc_tta_accordion shape=\u00a0\u00bbsquare\u00a0\u00bb c_position=\u00a0\u00bbright\u00a0\u00bb active_section=\u00a0\u00bb1&Prime; css=\u00a0\u00bb.vc_custom_1453467174989{margin-bottom: 60px !important;}\u00a0\u00bb][vc_tta_section title=\u00a0\u00bbJourn\u00e9e 1 :\u00a0\u00bb tab_id=\u00a0\u00bb1452160548343-003e17f2-760ddba1-e2ab98c8-1548&Prime;][vc_column_text] \u00a0\u00a0\u00a0\u00a0\u00a0\u00a0\u00a0\u2022\u00a0Une orientation du<\/p>\n","protected":false},"author":1,"featured_media":0,"parent":0,"menu_order":0,"comment_status":"closed","ping_status":"closed","template":"","meta":[],"_links":{"self":[{"href":"https:\/\/le16consulting.com\/index.php\/wp-json\/wp\/v2\/pages\/1163"}],"collection":[{"href":"https:\/\/le16consulting.com\/index.php\/wp-json\/wp\/v2\/pages"}],"about":[{"href":"https:\/\/le16consulting.com\/index.php\/wp-json\/wp\/v2\/types\/page"}],"author":[{"embeddable":true,"href":"https:\/\/le16consulting.com\/index.php\/wp-json\/wp\/v2\/users\/1"}],"replies":[{"embeddable":true,"href":"https:\/\/le16consulting.com\/index.php\/wp-json\/wp\/v2\/comments?post=1163"}],"version-history":[{"count":1,"href":"https:\/\/le16consulting.com\/index.php\/wp-json\/wp\/v2\/pages\/1163\/revisions"}],"predecessor-version":[{"id":1164,"href":"https:\/\/le16consulting.com\/index.php\/wp-json\/wp\/v2\/pages\/1163\/revisions\/1164"}],"wp:attachment":[{"href":"https:\/\/le16consulting.com\/index.php\/wp-json\/wp\/v2\/media?parent=1163"}],"curies":[{"name":"wp","href":"https:\/\/api.w.org\/{rel}","templated":true}]}}